{"id":23,"date":"2021-01-24T23:02:50","date_gmt":"2021-01-24T23:02:50","guid":{"rendered":"http:\/\/asteltelecomunicaciones.com\/wp\/?page_id=23"},"modified":"2023-01-24T17:45:35","modified_gmt":"2023-01-24T17:45:35","slug":"inicio","status":"publish","type":"page","link":"https:\/\/asteltelecomunicaciones.com\/en\/","title":{"rendered":"Inicio"},"content":{"rendered":"<h2>Bienvenidos<\/h2>\n<h2>Service, Quality and Trust<\/h2>\n<h4>Sobre Nosotros<\/h4>\n<p><i>ASTEL inicia operaciones en M\u00e9xico en el a\u00f1o 2003 como empresa dedicada a servicios de ingenier\u00eda e instalaci\u00f3n de equipo de Telecomunicaciones ofreciendo calidad, confiabilidad, competitividad y sobre todo flexibilidad ante las condiciones comerciales y de mercado. La pol\u00edtica principal base es, dar atenci\u00f3n y apoyo a nuestros socios comerciales en todo momento ya que sabemos que en esta industria el servicio al cliente y el tiempo de respuesta es vital en el desempe\u00f1o y m\u00e9tricas de eficiencia.<\/i><\/p>\n<p><b><i>Misi\u00f3n:<\/i><\/b><i>&nbsp;<\/i><\/p>\n<p><i>Hacer nuestros los objetivos de los clientes, mediante la integraci\u00f3n de soluciones y servicios profesionales en las telecomunicaciones de alta calidad a trav\u00e9s del desarrollo y mejora continua del personal, de la actitud de servicio y trabajo en equipo. Generando relaciones de valor, confianza y calidez humana como un solo equipo<\/i><\/p>\n<p><b><i>Visi\u00f3n:<\/i><\/b><i>&nbsp;<\/i><\/p>\n<p><i>Ser una organizaci\u00f3n moderna e innovadora que ofrezca a nuestros clientes servicios de alto valor por su eficiencia y valor agregado.<\/i><\/p>\n<h4>Servicios<\/h4>\n<p><img decoding=\"async\" width=\"1024\" height=\"576\" data-src=\"https:\/\/asteltelecomunicaciones.com\/wp-content\/uploads\/2022\/10\/Azul-Oscuro-y-Purpura-Tecnologia-Audaz-Aplicacion-Negocio-Sitio-Web-1024x576.png\" alt=\"\" data-srcset=\"https:\/\/asteltelecomunicaciones.com\/wp-content\/uploads\/2022\/10\/Azul-Oscuro-y-Purpura-Tecnologia-Audaz-Aplicacion-Negocio-Sitio-Web-1024x576.png 1024w, https:\/\/asteltelecomunicaciones.com\/wp-content\/uploads\/2022\/10\/Azul-Oscuro-y-Purpura-Tecnologia-Audaz-Aplicacion-Negocio-Sitio-Web-300x169.png 300w, https:\/\/asteltelecomunicaciones.com\/wp-content\/uploads\/2022\/10\/Azul-Oscuro-y-Purpura-Tecnologia-Audaz-Aplicacion-Negocio-Sitio-Web-768x432.png 768w, https:\/\/asteltelecomunicaciones.com\/wp-content\/uploads\/2022\/10\/Azul-Oscuro-y-Purpura-Tecnologia-Audaz-Aplicacion-Negocio-Sitio-Web.png 1366w\" data-sizes=\"auto, (max-width: 1024px) 100vw, 1024px\" src=\"data:image\/gif;base64,R0lGODlhAQABAAAAACH5BAEKAAEALAAAAAABAAEAAAICTAEAOw==\" class=\"lazyload\" style=\"--smush-placeholder-width: 1024px; --smush-placeholder-aspect-ratio: 1024\/576;\"><br \/>\n<img decoding=\"async\" width=\"1024\" height=\"576\" data-src=\"https:\/\/asteltelecomunicaciones.com\/wp-content\/uploads\/2022\/10\/Azul-Oscuro-y-Purpura-Tecnologia-Audaz-Aplicacion-Negocio-Sitio-Web-1-1024x576.png\" alt=\"\" data-srcset=\"https:\/\/asteltelecomunicaciones.com\/wp-content\/uploads\/2022\/10\/Azul-Oscuro-y-Purpura-Tecnologia-Audaz-Aplicacion-Negocio-Sitio-Web-1-1024x576.png 1024w, https:\/\/asteltelecomunicaciones.com\/wp-content\/uploads\/2022\/10\/Azul-Oscuro-y-Purpura-Tecnologia-Audaz-Aplicacion-Negocio-Sitio-Web-1-300x169.png 300w, https:\/\/asteltelecomunicaciones.com\/wp-content\/uploads\/2022\/10\/Azul-Oscuro-y-Purpura-Tecnologia-Audaz-Aplicacion-Negocio-Sitio-Web-1-768x432.png 768w, https:\/\/asteltelecomunicaciones.com\/wp-content\/uploads\/2022\/10\/Azul-Oscuro-y-Purpura-Tecnologia-Audaz-Aplicacion-Negocio-Sitio-Web-1.png 1366w\" data-sizes=\"auto, (max-width: 1024px) 100vw, 1024px\" src=\"data:image\/gif;base64,R0lGODlhAQABAAAAACH5BAEKAAEALAAAAAABAAEAAAICTAEAOw==\" class=\"lazyload\" style=\"--smush-placeholder-width: 1024px; --smush-placeholder-aspect-ratio: 1024\/576;\"><br \/>\n<img decoding=\"async\" width=\"1024\" height=\"576\" data-src=\"https:\/\/asteltelecomunicaciones.com\/wp-content\/uploads\/2022\/10\/Azul-Oscuro-y-Purpura-Tecnologia-Audaz-Aplicacion-Negocio-Sitio-Web-2-1024x576.png\" alt=\"\" data-srcset=\"https:\/\/asteltelecomunicaciones.com\/wp-content\/uploads\/2022\/10\/Azul-Oscuro-y-Purpura-Tecnologia-Audaz-Aplicacion-Negocio-Sitio-Web-2-1024x576.png 1024w, https:\/\/asteltelecomunicaciones.com\/wp-content\/uploads\/2022\/10\/Azul-Oscuro-y-Purpura-Tecnologia-Audaz-Aplicacion-Negocio-Sitio-Web-2-300x169.png 300w, https:\/\/asteltelecomunicaciones.com\/wp-content\/uploads\/2022\/10\/Azul-Oscuro-y-Purpura-Tecnologia-Audaz-Aplicacion-Negocio-Sitio-Web-2-768x432.png 768w, https:\/\/asteltelecomunicaciones.com\/wp-content\/uploads\/2022\/10\/Azul-Oscuro-y-Purpura-Tecnologia-Audaz-Aplicacion-Negocio-Sitio-Web-2.png 1366w\" data-sizes=\"auto, (max-width: 1024px) 100vw, 1024px\" src=\"data:image\/gif;base64,R0lGODlhAQABAAAAACH5BAEKAAEALAAAAAABAAEAAAICTAEAOw==\" class=\"lazyload\" style=\"--smush-placeholder-width: 1024px; --smush-placeholder-aspect-ratio: 1024\/576;\"><br \/>\n<img decoding=\"async\" width=\"1024\" height=\"576\" data-src=\"https:\/\/asteltelecomunicaciones.com\/wp-content\/uploads\/2022\/10\/Azul-Oscuro-y-Purpura-Tecnologia-Audaz-Aplicacion-Negocio-Sitio-Web-3-1024x576.png\" alt=\"\" data-srcset=\"https:\/\/asteltelecomunicaciones.com\/wp-content\/uploads\/2022\/10\/Azul-Oscuro-y-Purpura-Tecnologia-Audaz-Aplicacion-Negocio-Sitio-Web-3-1024x576.png 1024w, https:\/\/asteltelecomunicaciones.com\/wp-content\/uploads\/2022\/10\/Azul-Oscuro-y-Purpura-Tecnologia-Audaz-Aplicacion-Negocio-Sitio-Web-3-300x169.png 300w, https:\/\/asteltelecomunicaciones.com\/wp-content\/uploads\/2022\/10\/Azul-Oscuro-y-Purpura-Tecnologia-Audaz-Aplicacion-Negocio-Sitio-Web-3-768x432.png 768w, https:\/\/asteltelecomunicaciones.com\/wp-content\/uploads\/2022\/10\/Azul-Oscuro-y-Purpura-Tecnologia-Audaz-Aplicacion-Negocio-Sitio-Web-3.png 1366w\" data-sizes=\"auto, (max-width: 1024px) 100vw, 1024px\" src=\"data:image\/gif;base64,R0lGODlhAQABAAAAACH5BAEKAAEALAAAAAABAAEAAAICTAEAOw==\" class=\"lazyload\" style=\"--smush-placeholder-width: 1024px; --smush-placeholder-aspect-ratio: 1024\/576;\"><\/p>\n<h4>OUR CLIENTS<\/h4>\n<h5>Gestionando la Tecnolog\u00eda para grandes empresas<\/h5>\n<p><img decoding=\"async\" width=\"1000\" height=\"220\" data-src=\"https:\/\/asteltelecomunicaciones.com\/wp-content\/uploads\/2022\/10\/TELCEL2.png\" alt=\"\" data-srcset=\"https:\/\/asteltelecomunicaciones.com\/wp-content\/uploads\/2022\/10\/TELCEL2.png 1000w, https:\/\/asteltelecomunicaciones.com\/wp-content\/uploads\/2022\/10\/TELCEL2-300x66.png 300w, https:\/\/asteltelecomunicaciones.com\/wp-content\/uploads\/2022\/10\/TELCEL2-768x169.png 768w\" data-sizes=\"auto, (max-width: 1000px) 100vw, 1000px\" src=\"data:image\/gif;base64,R0lGODlhAQABAAAAACH5BAEKAAEALAAAAAABAAEAAAICTAEAOw==\" class=\"lazyload\" style=\"--smush-placeholder-width: 1000px; --smush-placeholder-aspect-ratio: 1000\/220;\"><br \/>\n<img decoding=\"async\" width=\"225\" height=\"225\" data-src=\"https:\/\/asteltelecomunicaciones.com\/wp-content\/uploads\/2021\/01\/ALBIS-ELCON-LOGO.png\" alt=\"\" data-srcset=\"https:\/\/asteltelecomunicaciones.com\/wp-content\/uploads\/2021\/01\/ALBIS-ELCON-LOGO.png 225w, https:\/\/asteltelecomunicaciones.com\/wp-content\/uploads\/2021\/01\/ALBIS-ELCON-LOGO-150x150.png 150w\" data-sizes=\"auto, (max-width: 225px) 100vw, 225px\" src=\"data:image\/gif;base64,R0lGODlhAQABAAAAACH5BAEKAAEALAAAAAABAAEAAAICTAEAOw==\" class=\"lazyload\" style=\"--smush-placeholder-width: 225px; --smush-placeholder-aspect-ratio: 225\/225;\"><br \/>\n<img decoding=\"async\" width=\"300\" height=\"148\" data-src=\"https:\/\/asteltelecomunicaciones.com\/wp-content\/uploads\/2021\/01\/TELMEX-LOGO.png\" alt=\"\" src=\"data:image\/gif;base64,R0lGODlhAQABAAAAACH5BAEKAAEALAAAAAABAAEAAAICTAEAOw==\" class=\"lazyload\" style=\"--smush-placeholder-width: 300px; --smush-placeholder-aspect-ratio: 300\/148;\"><br \/>\n<img decoding=\"async\" width=\"300\" height=\"168\" data-src=\"https:\/\/asteltelecomunicaciones.com\/wp-content\/uploads\/2021\/01\/TELEFONICA-LOGO.png\" alt=\"\" src=\"data:image\/gif;base64,R0lGODlhAQABAAAAACH5BAEKAAEALAAAAAABAAEAAAICTAEAOw==\" class=\"lazyload\" style=\"--smush-placeholder-width: 300px; --smush-placeholder-aspect-ratio: 300\/168;\"><br \/>\n<img decoding=\"async\" width=\"300\" height=\"62\" data-src=\"https:\/\/asteltelecomunicaciones.com\/wp-content\/uploads\/2022\/10\/1-300x62.jpg\" alt=\"\" data-srcset=\"https:\/\/asteltelecomunicaciones.com\/wp-content\/uploads\/2022\/10\/1-300x62.jpg 300w, https:\/\/asteltelecomunicaciones.com\/wp-content\/uploads\/2022\/10\/1-1024x213.jpg 1024w, https:\/\/asteltelecomunicaciones.com\/wp-content\/uploads\/2022\/10\/1-768x160.jpg 768w, https:\/\/asteltelecomunicaciones.com\/wp-content\/uploads\/2022\/10\/1-1536x319.jpg 1536w, https:\/\/asteltelecomunicaciones.com\/wp-content\/uploads\/2022\/10\/1-2048x426.jpg 2048w\" data-sizes=\"auto, (max-width: 300px) 100vw, 300px\" src=\"data:image\/gif;base64,R0lGODlhAQABAAAAACH5BAEKAAEALAAAAAABAAEAAAICTAEAOw==\" class=\"lazyload\" style=\"--smush-placeholder-width: 300px; --smush-placeholder-aspect-ratio: 300\/62;\"><br \/>\n<img decoding=\"async\" width=\"225\" height=\"225\" data-src=\"https:\/\/asteltelecomunicaciones.com\/wp-content\/uploads\/2021\/01\/TROY-TD-LOGO.jpg\" alt=\"\" data-srcset=\"https:\/\/asteltelecomunicaciones.com\/wp-content\/uploads\/2021\/01\/TROY-TD-LOGO.jpg 225w, https:\/\/asteltelecomunicaciones.com\/wp-content\/uploads\/2021\/01\/TROY-TD-LOGO-150x150.jpg 150w\" data-sizes=\"auto, (max-width: 225px) 100vw, 225px\" src=\"data:image\/gif;base64,R0lGODlhAQABAAAAACH5BAEKAAEALAAAAAABAAEAAAICTAEAOw==\" class=\"lazyload\" style=\"--smush-placeholder-width: 225px; --smush-placeholder-aspect-ratio: 225\/225;\"><br \/>\n<img decoding=\"async\" width=\"329\" height=\"153\" data-src=\"https:\/\/asteltelecomunicaciones.com\/wp-content\/uploads\/2021\/01\/GRUPO-CARSO-LOGO.jpg\" alt=\"\" data-srcset=\"https:\/\/asteltelecomunicaciones.com\/wp-content\/uploads\/2021\/01\/GRUPO-CARSO-LOGO.jpg 329w, https:\/\/asteltelecomunicaciones.com\/wp-content\/uploads\/2021\/01\/GRUPO-CARSO-LOGO-300x140.jpg 300w\" data-sizes=\"auto, (max-width: 329px) 100vw, 329px\" src=\"data:image\/gif;base64,R0lGODlhAQABAAAAACH5BAEKAAEALAAAAAABAAEAAAICTAEAOw==\" class=\"lazyload\" style=\"--smush-placeholder-width: 329px; --smush-placeholder-aspect-ratio: 329\/153;\"><br \/>\n<iframe frameborder=\"0\" scrolling=\"no\" marginheight=\"0\" marginwidth=\"0\" data-src=\"https:\/\/maps.google.com\/maps?q=norte%2086%20numero%205210&amp;t=m&amp;z=18&amp;output=embed&amp;iwloc=near\" title=\"%3$s\" aria-label=\"%3$s\" src=\"data:image\/gif;base64,R0lGODlhAQABAAAAACH5BAEKAAEALAAAAAABAAEAAAICTAEAOw==\" class=\"lazyload\" data-load-mode=\"1\"><\/iframe><\/p>\n<h4>Contact<\/h4>\n<p>Direcci\u00f3n<\/p>\n<p>Norte 86, No 5210<br \/>\nGertrudiz Sanchez, Ciudad de M\u00e9xico, CP 07839<\/p>\n<p>contactanos<\/p>\n<p>Telefono : 5557851216\/91298689<\/p>\n<p>Email : contacto@asteltelecomunicaciones.com<\/p>\n<p>Work schedules<\/p>\n<p>LUN-VIE 09:00 &#8211; 19:00<\/p>\n<p>SIGUENOS EN:<br \/>\n<a href=\"https:\/\/www.facebook.com\/profile.php?id=100066855158060\" target=\"_blank\" rel=\"noopener\"><br \/>\nFacebook-f<br \/>\n<\/a><br \/>\n<a href=\"https:\/\/wa.me\/525532333338\"><br \/>\nWhatsapp<br \/>\n<\/a><\/p>","protected":false},"excerpt":{"rendered":"<p>Bienvenidos Servicio, Calidad y Confianza Sobre Nosotros ASTEL inicia operaciones en M\u00e9xico en el a\u00f1o 2003 como empresa dedicada a servicios de ingenier\u00eda e instalaci\u00f3n de equipo de Telecomunicaciones ofreciendo calidad, confiabilidad, competitividad y sobre todo flexibilidad ante las condiciones comerciales y de mercado. La pol\u00edtica principal base es, dar atenci\u00f3n y apoyo a nuestros [&hellip;]<\/p>","protected":false},"author":1,"featured_media":0,"parent":0,"menu_order":0,"comment_status":"closed","ping_status":"closed","template":"","meta":{"footnotes":""},"class_list":["post-23","page","type-page","status-publish","hentry"],"_links":{"self":[{"href":"https:\/\/asteltelecomunicaciones.com\/en\/wp-json\/wp\/v2\/pages\/23","targetHints":{"allow":["GET"]}}],"collection":[{"href":"https:\/\/asteltelecomunicaciones.com\/en\/wp-json\/wp\/v2\/pages"}],"about":[{"href":"https:\/\/asteltelecomunicaciones.com\/en\/wp-json\/wp\/v2\/types\/page"}],"author":[{"embeddable":true,"href":"https:\/\/asteltelecomunicaciones.com\/en\/wp-json\/wp\/v2\/users\/1"}],"replies":[{"embeddable":true,"href":"https:\/\/asteltelecomunicaciones.com\/en\/wp-json\/wp\/v2\/comments?post=23"}],"version-history":[{"count":101,"href":"https:\/\/asteltelecomunicaciones.com\/en\/wp-json\/wp\/v2\/pages\/23\/revisions"}],"predecessor-version":[{"id":1032,"href":"https:\/\/asteltelecomunicaciones.com\/en\/wp-json\/wp\/v2\/pages\/23\/revisions\/1032"}],"wp:attachment":[{"href":"https:\/\/asteltelecomunicaciones.com\/en\/wp-json\/wp\/v2\/media?parent=23"}],"curies":[{"name":"wp","href":"https:\/\/api.w.org\/{rel}","templated":true}]}}